{"id":526,"date":"2022-03-16T13:24:23","date_gmt":"2022-03-16T13:24:23","guid":{"rendered":"https:\/\/www.centredetoiturebs.com\/terms-and-conditions\/"},"modified":"2023-09-28T18:36:13","modified_gmt":"2023-09-28T18:36:13","slug":"terms-and-conditions","status":"publish","type":"page","link":"https:\/\/www.centredetoiturebs.com\/en\/terms-and-conditions\/","title":{"rendered":"Terms and conditions"},"content":{"rendered":"<p>[et_pb_section fb_built=&#8221;1&#8243; admin_label=&#8221;Hero&#8221; _builder_version=&#8221;4.22.0&#8243; use_background_color_gradient=&#8221;on&#8221; background_color_gradient_type=&#8221;circular&#8221; background_color_gradient_direction_radial=&#8221;top left&#8221; background_color_gradient_stops=&#8221;rgba(40,40,40,0.79) 0%|rgba(40,40,40,0.86) 100%&#8221; background_color_gradient_overlays_image=&#8221;on&#8221; background_color_gradient_start=&#8221;rgba(40,40,40,0.79)&#8221; background_color_gradient_end=&#8221;rgba(40,40,40,0.86)&#8221; background_image=&#8221;https:\/\/www.centredetoiturebs.com\/wp-content\/uploads\/2023\/09\/decorouleau-cuivre-AS_269099179.jpg&#8221; custom_margin=&#8221;||||false&#8221; custom_padding=&#8221;2vw||1vw||false|false&#8221; hover_enabled=&#8221;0&#8243; global_colors_info=&#8221;{}&#8221; title_text=&#8221;decorouleau-cuivre-AS_269099179&#8243; sticky_enabled=&#8221;0&#8243;][et_pb_row column_structure=&#8221;2_3,1_3&#8243; _builder_version=&#8221;4.16&#8243; global_colors_info=&#8221;{}&#8221;][et_pb_column type=&#8221;2_3&#8243; _builder_version=&#8221;4.16&#8243; custom_padding=&#8221;|||&#8221; global_colors_info=&#8221;{}&#8221; custom_padding__hover=&#8221;|||&#8221;][et_pb_text _builder_version=&#8221;4.17.0&#8243; text_font=&#8221;|600|||||||&#8221; text_font_size=&#8221;48px&#8221; header_font=&#8221;Rubik|700|||||||&#8221; header_font_size=&#8221;64px&#8221; header_line_height=&#8221;1.1em&#8221; background_layout=&#8221;dark&#8221; max_width=&#8221;800px&#8221; custom_margin=&#8221;||0px||false|false&#8221; custom_padding=&#8221;|||16px&#8221; text_font_size_tablet=&#8221;14px&#8221; text_font_size_last_edited=&#8221;off|desktop&#8221; header_font_size_tablet=&#8221;44px&#8221; header_font_size_phone=&#8221;32px&#8221; header_font_size_last_edited=&#8221;on|phone&#8221; border_color_all=&#8221;#A6192E&#8221; border_width_left=&#8221;10px&#8221; global_colors_info=&#8221;{}&#8221;]<\/p>\n<p>Terms and conditions<\/p>\n<p>[\/et_pb_text][et_pb_text _builder_version=&#8221;4.17.0&#8243; text_font=&#8221;||||||||&#8221; text_font_size=&#8221;22px&#8221; text_line_height=&#8221;1.6em&#8221; header_font=&#8221;||||||||&#8221; background_layout=&#8221;dark&#8221; max_width=&#8221;800px&#8221; custom_margin=&#8221;|||&#8221; custom_padding=&#8221;20px||20px||true|false&#8221; text_font_size_tablet=&#8221;18px&#8221; text_font_size_phone=&#8221;&#8221; text_font_size_last_edited=&#8221;on|phone&#8221; global_colors_info=&#8221;{}&#8221;]<\/p>\n<p>Our family serving roofers since 1983.<\/p>\n<p>[\/et_pb_text][\/et_pb_column][et_pb_column type=&#8221;1_3&#8243; _builder_version=&#8221;4.16&#8243; custom_padding=&#8221;|||&#8221; global_colors_info=&#8221;{}&#8221; custom_padding__hover=&#8221;|||&#8221;][\/et_pb_column][\/et_pb_row][\/et_pb_section][et_pb_section fb_built=&#8221;1&#8243; admin_label=&#8221;About&#8221; _builder_version=&#8221;4.16&#8243; global_colors_info=&#8221;{}&#8221;][et_pb_row _builder_version=&#8221;4.16&#8243; global_colors_info=&#8221;{}&#8221;][et_pb_column type=&#8221;4_4&#8243; _builder_version=&#8221;4.16&#8243; custom_padding=&#8221;|||&#8221; global_colors_info=&#8221;{}&#8221; custom_padding__hover=&#8221;|||&#8221;][et_pb_text _builder_version=&#8221;4.16&#8243; text_font=&#8221;||||||||&#8221; text_line_height=&#8221;1.8em&#8221; custom_padding=&#8221;|||&#8221; custom_padding_tablet=&#8221;|40px||40px||true&#8221; custom_padding_last_edited=&#8221;off|desktop&#8221; global_colors_info=&#8221;{}&#8221;]<\/p>\n<h2><strong>CENTRE DE TOITURES B &amp; S LT\u00c9E &amp; LES PRODUITS MURPHCO LT\u00c9E.<\/strong><\/h2>\n<h2><strong>Terms &#038; conditions<\/strong><\/h2>\n<p><strong>We welcome you on the website of Centre de toitures B &#038; S Lt\u00e9e and Produits Murphco Lt\u00e9e.<\/strong><\/p>\n<p>The use of this website is subject to the following conditions. If you do not agree, please do not access or use the site. The Centre de toitures B &#038; S Lt\u00e9e and Produits Murphco Lt\u00e9e may change these terms at any time without notice. By using the Website, you agree to be bound by these conditions.<\/p>\n<p><strong>CONDITIONS<\/strong><br \/>\n<strong>Disclaimer<\/strong><\/p>\n<p>The documents and other information provided on this website are offered for information purposes and guidance only. They provide general information about the different products offered in store.<\/p>\n<p>Although Centre de toitures B &#038; S Lt\u00e9e and Produits Murphco Lt\u00e9e make reasonable efforts to ensure that the information contained in this website is accurate, it cannot guarantee that documents are accurate, current or complete, as the website will be available without interruption, error or omission. The website and materials are provided &#8220;as is&#8221; and &#8220;as available&#8221; without representation, warranty or condition of any kind, express or implied.<\/p>\n<p>The Centre de toitures B &#038; S Lt\u00e9e and Produits Murphco Lt\u00e9e assume no responsibility for any damage resulting from misuse of the information provided on this website.<\/p>\n<p><strong>Intellectual property<\/strong><\/p>\n<p>All photographs, texts and other original creations contained on this website remain the intellectual property of Centre de toitures B &#038; S Lt\u00e9e and Produits Murphco Lt\u00e9e. In no cases, unless authorized in writing, the content cannot be reproduced.<\/p>\n<p><strong>Price<\/strong><\/p>\n<p>The prices that you find on the website of the Centre de toitures B &#038; S Lt\u00e9e and Produits Murphco Lt\u00e9e are indicative only. Due to market fluctuations, prices are subject to change without notice.<\/p>\n<p>For the price of items shipped, they are prepared for delivery  at the sidewalk. We assume no responsibility for any kind of damage from our trucks or in cases where the delivery is made elsewhere than the sidewalk (eg damage done to the land, deformation of the landscape, asphalt, oil, etc.)<\/p>\n<p>Fees of minimum purchases apply for the delivery of products.<\/p>\n<p>Purchase, return the merchandise and cancel the order.<\/p>\n<p>The websites of Centre de toitures B &#038; S Lt\u00e9e and Produits Murphco Lt\u00e9e do not allow to make transactions. This is a tool to fulfill purchase orders. It is the responsibility of the buyer to contact Centre de toitures B &#038; S Lt\u00e9e and Produits Murphco Lt\u00e9e to confirm orders. The phone number is 514-931-3850 or 1-800-668-3850.<\/p>\n<p>To return to the store merchandise to obtain a refund, the Centre de toitures B &#038; S Lt\u00e9e and Produits Murphco Lt\u00e9e require the cost of return of 20% of the value of the goods. The buyer remains responsible for the other costs, if applicable.<\/p>\n<p>A 50% deposit is required for all special orders.<\/p>\n<p>For customers who have accounts-house, payments are due under the terms of the agreement.<\/p>\n<p>For customers who do not have a house account, the following payment methods are accepted: cash, debit, credit card or certified check.<\/p>\n<p>Centre de toitures B &#038; S Lt\u00e9e and Produits Murphco Lt\u00e9e reserve the right to limit quantities.<\/p>\n<p>For security reasons it is not possible to pay by phone with a credit card.<\/p>\n<p><strong>Confidentiality of communications and security<\/strong><\/p>\n<p>Centre de toitures B &#038; S Lt\u00e9e and Produits Murphco Lt\u00e9e  do not guaranty the confidentiality of communications sent via email or through its website. Centre de toitures B &#038; S Lt\u00e9e and Produits Murphco Lt\u00e9e can not be held responsible for damage to your computer equipment or other property in connection with your access to or following your navigation within it or for download of any Content.<\/p>\n<p><strong>Links to third party sites<\/strong><\/p>\n<p>The website of Centre de toitures B &#038; S Lt\u00e9e and Produits Murphco Lt\u00e9e have been designed to be a source of information. It contains links to third party sites. These links are provided for convenience only and do not imply that the Centre de toitures B &#038; S Lt\u00e9e and Produits Murphco Lt\u00e9e. support or recommend the information on websites linked or that the Centre de toitures B &#038; S Lt\u00e9e and Produits Murphco Lt\u00e9e  guaranty accuracy, timeliness or fitness for a particular purpose. The roofs Centre de toitures B &#038; S Lt\u00e9e and Produits Murphco Lt\u00e9e  assume no liability for the content or practices of third party sites.<\/p>\n<p><strong>Juridiction<\/strong><\/p>\n<p>These Terms of Use are governed by the laws of the Province of Quebec and the federal laws of Canada, and you consent to the jurisdiction and venue of exclusive trial of the Province of Quebec courts in the event of any dispute arising from or relating to your use of this website and material contained therein.<\/p>\n<p>&nbsp;[\/et_pb_text][\/et_pb_column][\/et_pb_row][\/et_pb_section]<\/p>\n","protected":false},"excerpt":{"rendered":"<p>Terms and conditionsOur family serving roofers since 1983.CENTRE DE TOITURES B &amp; S LT\u00c9E &amp; LES PRODUITS MURPHCO LT\u00c9E. Terms &#038; conditions We welcome you on the website of Centre de toitures B &#038; S Lt\u00e9e and Produits Murphco Lt\u00e9e. The use of this website is subject to the following conditions. If you do not [&hellip;]<\/p>\n","protected":false},"author":1,"featured_media":0,"parent":0,"menu_order":0,"comment_status":"closed","ping_status":"closed","template":"","meta":{"_et_pb_use_builder":"on","_et_pb_old_content":"","_et_gb_content_width":"","footnotes":""},"class_list":["post-526","page","type-page","status-publish","hentry"],"_links":{"self":[{"href":"https:\/\/www.centredetoiturebs.com\/en\/wp-json\/wp\/v2\/pages\/526","targetHints":{"allow":["GET"]}}],"collection":[{"href":"https:\/\/www.centredetoiturebs.com\/en\/wp-json\/wp\/v2\/pages"}],"about":[{"href":"https:\/\/www.centredetoiturebs.com\/en\/wp-json\/wp\/v2\/types\/page"}],"author":[{"embeddable":true,"href":"https:\/\/www.centredetoiturebs.com\/en\/wp-json\/wp\/v2\/users\/1"}],"replies":[{"embeddable":true,"href":"https:\/\/www.centredetoiturebs.com\/en\/wp-json\/wp\/v2\/comments?post=526"}],"version-history":[{"count":4,"href":"https:\/\/www.centredetoiturebs.com\/en\/wp-json\/wp\/v2\/pages\/526\/revisions"}],"predecessor-version":[{"id":1197,"href":"https:\/\/www.centredetoiturebs.com\/en\/wp-json\/wp\/v2\/pages\/526\/revisions\/1197"}],"wp:attachment":[{"href":"https:\/\/www.centredetoiturebs.com\/en\/wp-json\/wp\/v2\/media?parent=526"}],"curies":[{"name":"wp","href":"https:\/\/api.w.org\/{rel}","templated":true}]}}